{"id":57,"date":"2017-01-17T13:28:05","date_gmt":"2017-01-17T11:28:05","guid":{"rendered":"http:\/\/www.redaksiyonofisi.com\/?page_id=57"},"modified":"2024-11-10T19:40:28","modified_gmt":"2024-11-10T16:40:28","slug":"ucretlendirme","status":"publish","type":"page","link":"https:\/\/www.redaksiyonofisi.com\/en\/ucretlendirme\/","title":{"rendered":"Pricing"},"content":{"rendered":"<p style=\"text-align: justify;\"><span style=\"font-size: 12pt;\"><span style=\"color: #000000; font-family: Arial;\"><strong>\u00dccretlendirme i\u015flemi,<\/strong>&nbsp;\u00e7al\u0131\u015f\u0131lacak dosyan\u0131n i\u00e7eri\u011fine g\u00f6re de\u011fi\u015febilmektedir. Bu nedenle fiyatland\u0131rma yap\u0131labilmesi i\u00e7in dosyan\u0131n g\u00f6r\u00fclmesi \u00f6nem arz etmektedir. Bununla birlikte sunulacak hizmetin yakla\u015f\u0131k \u00fccretlerini a\u015fa\u011f\u0131da sunmu\u015f bulunmaktay\u0131z. <\/span><\/span><\/p>\n<p style=\"text-align: center;\"><a class=\"maxbutton-1 maxbutton maxbutton-fiyat-teklifi-ste\" target=\"_blank\" rel=\"noopener\" href=\"https:\/\/www.akademikeditor.com\/panel\/tr\/fiyat-teklifi-iste\"><span class='mb-text'>Fiyat Teklifi \u0130ste<\/span><\/a><\/p>\n<p><span style=\"text-decoration: underline; color: #000000; font-family: Arial; font-size: 12pt;\">Daha detayl\u0131 bilgilendirme i\u00e7in Redaksiyon Ofisine a\u015fa\u011f\u0131daki e-postay\u0131 kullanarak ula\u015fabilirsiniz.<\/span><\/p>\n<p><span style=\"color: #000000; font-family: Arial; font-size: 12pt;\"><strong>editor@redaksiyonofisi.com<\/strong><\/span><\/p>\n<p><span style=\"color: #000000; font-family: Arial; font-size: 12pt;\">&nbsp;<\/span><\/p>\n<p style=\"text-align: justify;\"><span style=\"font-size: 12pt;\">&nbsp;<\/span><\/p>\n","protected":false},"excerpt":{"rendered":"<p>\u00dccretlendirme i\u015flemi,&nbsp;\u00e7al\u0131\u015f\u0131lacak dosyan\u0131n i\u00e7eri\u011fine g\u00f6re de\u011fi\u015febilmektedir. Bu nedenle fiyatland\u0131rma yap\u0131labilmesi i\u00e7in dosyan\u0131n g\u00f6r\u00fclmesi \u00f6nem arz etmektedir. Bununla birlikte sunulacak hizmetin yakla\u015f\u0131k \u00fccretlerini a\u015fa\u011f\u0131da sunmu\u015f bulunmaktay\u0131z. Daha detayl\u0131 bilgilendirme i\u00e7in Redaksiyon Ofisine a\u015fa\u011f\u0131daki e-postay\u0131 kullanarak ula\u015fabilirsiniz. editor@redaksiyonofisi.com &nbsp; &nbsp;<\/p>\n","protected":false},"author":1,"featured_media":0,"parent":0,"menu_order":0,"comment_status":"closed","ping_status":"closed","template":"fullwidth.php","meta":[],"_links":{"self":[{"href":"https:\/\/www.redaksiyonofisi.com\/en\/wp-json\/wp\/v2\/pages\/57"}],"collection":[{"href":"https:\/\/www.redaksiyonofisi.com\/en\/wp-json\/wp\/v2\/pages"}],"about":[{"href":"https:\/\/www.redaksiyonofisi.com\/en\/wp-json\/wp\/v2\/types\/page"}],"author":[{"embeddable":true,"href":"https:\/\/www.redaksiyonofisi.com\/en\/wp-json\/wp\/v2\/users\/1"}],"replies":[{"embeddable":true,"href":"https:\/\/www.redaksiyonofisi.com\/en\/wp-json\/wp\/v2\/comments?post=57"}],"version-history":[{"count":27,"href":"https:\/\/www.redaksiyonofisi.com\/en\/wp-json\/wp\/v2\/pages\/57\/revisions"}],"predecessor-version":[{"id":2547,"href":"https:\/\/www.redaksiyonofisi.com\/en\/wp-json\/wp\/v2\/pages\/57\/revisions\/2547"}],"wp:attachment":[{"href":"https:\/\/www.redaksiyonofisi.com\/en\/wp-json\/wp\/v2\/media?parent=57"}],"curies":[{"name":"wp","href":"https:\/\/api.w.org\/{rel}","templated":true}]}}